{"id":29,"date":"2025-08-26T19:56:18","date_gmt":"2025-08-26T17:56:18","guid":{"rendered":"https:\/\/new.crspit.de\/?page_id=29"},"modified":"2025-08-31T15:01:23","modified_gmt":"2025-08-31T13:01:23","slug":"monitoring","status":"publish","type":"page","link":"https:\/\/new.crspit.de\/?page_id=29","title":{"rendered":"Monitoring"},"content":{"rendered":"<p>&nbsp;<\/p>\n<style>\n        body {<br \/>\n            font-family: Arial, sans-serif;<br \/>\n            margin: 0;<br \/>\n            padding: 0;<br \/>\n            line-height: 1.6;<br \/>\n        }<\/p>\n<p>        .hero-section {<br \/>\n            background-color: #000;<br \/>\n            background-image: linear-gradient(rgba(0,0,0,0.7), rgba(0,0,0,0.7));<br \/>\n            color: white;<br \/>\n            padding: 80px 20px;<br \/>\n            text-align: center;<br \/>\n        }<\/p>\n<p>        .hero-section h1 {<br \/>\n            font-size: 3rem;<br \/>\n            margin: 0 0 20px 0;<br \/>\n            font-weight: bold;<br \/>\n        }<\/p>\n<p>        .hero-section p {<br \/>\n            font-size: 1.5rem;<br \/>\n            margin: 0;<br \/>\n            opacity: 0.9;<br \/>\n        }<\/p>\n<p>        .content-section {<br \/>\n            padding: 60px 20px;<br \/>\n            max-width: 1200px;<br \/>\n            margin: 0 auto;<br \/>\n        }<\/p>\n<p>        .content-section h2 {<br \/>\n            font-size: 2rem;<br \/>\n            margin-bottom: 20px;<br \/>\n            color: #333;<br \/>\n        }<\/p>\n<p>        .content-section p {<br \/>\n            font-size: 1.1rem;<br \/>\n            color: #666;<br \/>\n            max-width: 600px;<br \/>\n        }<\/p>\n<p>        .cta-section {<br \/>\n            background-color: #000;<br \/>\n            color: white;<br \/>\n            padding: 80px 20px;<br \/>\n            text-align: center;<br \/>\n        }<\/p>\n<p>        .cta-section h2 {<br \/>\n            font-size: 2.5rem;<br \/>\n            margin: 0 0 30px 0;<br \/>\n            color: white;<br \/>\n        }<\/p>\n<p>        .cta-button {<br \/>\n            display: inline-block;<br \/>\n            background-color: #007cba;<br \/>\n            color: white;<br \/>\n            padding: 15px 30px;<br \/>\n            text-decoration: none;<br \/>\n            border-radius: 5px;<br \/>\n            font-size: 1.1rem;<br \/>\n            font-weight: bold;<br \/>\n            transition: background-color 0.3s ease;<br \/>\n        }<\/p>\n<p>        .cta-button:hover {<br \/>\n            background-color: #005a87;<br \/>\n        }<\/p>\n<p>        @media (max-width: 768px) {<br \/>\n            .hero-section h1 {<br \/>\n                font-size: 2rem;<br \/>\n            }<\/p>\n<p>            .hero-section p {<br \/>\n                font-size: 1.2rem;<br \/>\n            }<\/p>\n<p>            .cta-section h2 {<br \/>\n                font-size: 2rem;<br \/>\n            }<br \/>\n        }<br \/>\n    <\/style>\n<section class=\"hero-section\">Proaktive \u00dcberwachung Ihrer IT-Systeme<\/p>\n<\/section>\n<p><!-- Content Section --><\/p>\n<section class=\"content-section\">\n<h3>Immer einen Schritt voraus<\/h3>\n<h5>Proaktives Monitoring ist der Schl\u00fcssel zu stabilen IT-Systemen. Wir \u00fcberwachen Ihre IT-Infrastruktur rund um die Uhr.<\/h5>\n<\/section>\n<p><!-- Call to Action Section --><\/p>\n<section class=\"cta-section\">\n<h3>Maximale Verf\u00fcgbarkeit garantiert<\/h3>\n<p><a class=\"cta-button\" href=\"mailto:support@crspit.de\">Monitoring Setup<\/a><\/p>\n<\/section>\n<p>&nbsp;<\/p>\n","protected":false},"excerpt":{"rendered":"<p>&nbsp; Proaktive \u00dcberwachung Ihrer IT-Systeme Immer einen Schritt voraus Proaktives Monitoring ist der Schl\u00fcssel zu stabilen IT-Systemen. Wir \u00fcberwachen Ihre IT-Infrastruktur rund um die Uhr. Maximale Verf\u00fcgbarkeit garantiert Monitoring Setup &nbsp;<\/p>\n","protected":false},"author":1,"featured_media":0,"parent":0,"menu_order":0,"comment_status":"closed","ping_status":"closed","template":"","meta":{"footnotes":""},"class_list":["post-29","page","type-page","status-publish","hentry"],"_links":{"self":[{"href":"https:\/\/new.crspit.de\/index.php?rest_route=\/wp\/v2\/pages\/29","targetHints":{"allow":["GET"]}}],"collection":[{"href":"https:\/\/new.crspit.de\/index.php?rest_route=\/wp\/v2\/pages"}],"about":[{"href":"https:\/\/new.crspit.de\/index.php?rest_route=\/wp\/v2\/types\/page"}],"author":[{"embeddable":true,"href":"https:\/\/new.crspit.de\/index.php?rest_route=\/wp\/v2\/users\/1"}],"replies":[{"embeddable":true,"href":"https:\/\/new.crspit.de\/index.php?rest_route=%2Fwp%2Fv2%2Fcomments&post=29"}],"version-history":[{"count":3,"href":"https:\/\/new.crspit.de\/index.php?rest_route=\/wp\/v2\/pages\/29\/revisions"}],"predecessor-version":[{"id":59,"href":"https:\/\/new.crspit.de\/index.php?rest_route=\/wp\/v2\/pages\/29\/revisions\/59"}],"wp:attachment":[{"href":"https:\/\/new.crspit.de\/index.php?rest_route=%2Fwp%2Fv2%2Fmedia&parent=29"}],"curies":[{"name":"wp","href":"https:\/\/api.w.org\/{rel}","templated":true}]}}