{"id":27,"date":"2025-08-26T19:55:54","date_gmt":"2025-08-26T17:55:54","guid":{"rendered":"https:\/\/new.crspit.de\/?page_id=27"},"modified":"2025-08-31T15:00:30","modified_gmt":"2025-08-31T13:00:30","slug":"cybersicherheit","status":"publish","type":"page","link":"https:\/\/new.crspit.de\/?page_id=27","title":{"rendered":"Cybersicherheit"},"content":{"rendered":"<p>&nbsp;<\/p>\n<style>\n        body {<br \/>\n            font-family: -apple-system, BlinkMacSystemFont, 'Segoe UI', Roboto, Arial, sans-serif;<br \/>\n            margin: 0;<br \/>\n            padding: 0;<br \/>\n            line-height: 1.6;<br \/>\n            color: #333;<br \/>\n        }<\/p>\n<p>        .hero-section {<br \/>\n            background: linear-gradient(135deg, #2c3e50 0%, #34495e 100%);<br \/>\n            color: white;<br \/>\n            padding: 80px 20px;<br \/>\n            text-align: center;<br \/>\n            position: relative;<br \/>\n            overflow: hidden;<br \/>\n        }<\/p>\n<p>        .hero-section::before {<br \/>\n            content: '';<br \/>\n            position: absolute;<br \/>\n            top: 0;<br \/>\n            left: 0;<br \/>\n            right: 0;<br \/>\n            bottom: 0;<br \/>\n            background: rgba(0, 0, 0, 0.3);<br \/>\n            z-index: 1;<br \/>\n        }<\/p>\n<p>        .hero-content {<br \/>\n            position: relative;<br \/>\n            z-index: 2;<br \/>\n            max-width: 800px;<br \/>\n            margin: 0 auto;<br \/>\n        }<\/p>\n<p>        .hero-title {<br \/>\n            font-size: 3.5rem;<br \/>\n            font-weight: 700;<br \/>\n            margin-bottom: 20px;<br \/>\n            text-shadow: 2px 2px 4px rgba(0, 0, 0, 0.5);<br \/>\n        }<\/p>\n<p>        .hero-subtitle {<br \/>\n            font-size: 1.5rem;<br \/>\n            font-weight: 300;<br \/>\n            margin-bottom: 0;<br \/>\n            opacity: 0.9;<br \/>\n        }<\/p>\n<p>        .content-section {<br \/>\n            padding: 60px 20px;<br \/>\n            max-width: 1200px;<br \/>\n            margin: 0 auto;<br \/>\n        }<\/p>\n<p>        .content-column {<br \/>\n            max-width: 800px;<br \/>\n        }<\/p>\n<p>        .content-title {<br \/>\n            font-size: 2.5rem;<br \/>\n            color: #2c3e50;<br \/>\n            margin-bottom: 30px;<br \/>\n            font-weight: 600;<br \/>\n        }<\/p>\n<p>        .content-text {<br \/>\n            font-size: 1.2rem;<br \/>\n            color: #555;<br \/>\n            line-height: 1.8;<br \/>\n            margin-bottom: 0;<br \/>\n        }<\/p>\n<p>        .cta-section {<br \/>\n            background: #2c3e50;<br \/>\n            color: white;<br \/>\n            padding: 80px 20px;<br \/>\n            text-align: center;<br \/>\n        }<\/p>\n<p>        .cta-title {<br \/>\n            font-size: 2.5rem;<br \/>\n            margin-bottom: 40px;<br \/>\n            font-weight: 600;<br \/>\n        }<\/p>\n<p>        .cta-button {<br \/>\n            display: inline-block;<br \/>\n            background: #e74c3c;<br \/>\n            color: white;<br \/>\n            padding: 15px 30px;<br \/>\n            font-size: 1.1rem;<br \/>\n            text-decoration: none;<br \/>\n            border-radius: 8px;<br \/>\n            font-weight: 600;<br \/>\n            transition: all 0.3s ease;<br \/>\n            box-shadow: 0 4px 15px rgba(231, 76, 60, 0.3);<br \/>\n        }<\/p>\n<p>        .cta-button:hover {<br \/>\n            background: #c0392b;<br \/>\n            transform: translateY(-2px);<br \/>\n            box-shadow: 0 6px 20px rgba(231, 76, 60, 0.4);<br \/>\n        }<\/p>\n<p>        @media (max-width: 768px) {<br \/>\n            .hero-title {<br \/>\n                font-size: 2.5rem;<br \/>\n            }<\/p>\n<p>            .hero-subtitle {<br \/>\n                font-size: 1.2rem;<br \/>\n            }<\/p>\n<p>            .content-title {<br \/>\n                font-size: 2rem;<br \/>\n            }<\/p>\n<p>            .cta-title {<br \/>\n                font-size: 2rem;<br \/>\n            }<br \/>\n        }<br \/>\n    <\/style>\n<section class=\"hero-section\">\n<div class=\"hero-content\">\n<p class=\"hero-subtitle\">Umfassender Schutz vor Cyber-Bedrohungen<\/p>\n<\/div>\n<\/section>\n<p><!-- Main Content Section --><\/p>\n<section class=\"content-section\">\n<div class=\"content-column\">\n<h3 class=\"content-title\">Ihre IT-Sicherheit ist unser Auftrag<\/h3>\n<h5 class=\"content-text\">In der heutigen digitalen Bedrohungslandschaft ist Cybersicherheit eine Notwendigkeit. Wir sch\u00fctzen Ihr Unternehmen mit modernsten Sicherheitsl\u00f6sungen.<\/h5>\n<\/div>\n<\/section>\n<p><!-- Call to Action Section --><\/p>\n<section class=\"cta-section\">\n<h3 class=\"cta-title\">Sch\u00fctzen Sie Ihr Unternehmen jetzt!<\/h3>\n<p><a class=\"cta-button\" href=\"mailto:support@crspit.de\">Sicherheitsanalyse<\/a><\/p>\n<\/section>\n<p>&nbsp;<\/p>\n","protected":false},"excerpt":{"rendered":"<p>&nbsp; Umfassender Schutz vor Cyber-Bedrohungen Ihre IT-Sicherheit ist unser Auftrag In der heutigen digitalen Bedrohungslandschaft ist Cybersicherheit eine Notwendigkeit. Wir sch\u00fctzen Ihr Unternehmen mit modernsten Sicherheitsl\u00f6sungen. Sch\u00fctzen Sie Ihr Unternehmen jetzt! Sicherheitsanalyse &nbsp;<\/p>\n","protected":false},"author":1,"featured_media":0,"parent":0,"menu_order":0,"comment_status":"closed","ping_status":"closed","template":"","meta":{"footnotes":""},"class_list":["post-27","page","type-page","status-publish","hentry"],"_links":{"self":[{"href":"https:\/\/new.crspit.de\/index.php?rest_route=\/wp\/v2\/pages\/27","targetHints":{"allow":["GET"]}}],"collection":[{"href":"https:\/\/new.crspit.de\/index.php?rest_route=\/wp\/v2\/pages"}],"about":[{"href":"https:\/\/new.crspit.de\/index.php?rest_route=\/wp\/v2\/types\/page"}],"author":[{"embeddable":true,"href":"https:\/\/new.crspit.de\/index.php?rest_route=\/wp\/v2\/users\/1"}],"replies":[{"embeddable":true,"href":"https:\/\/new.crspit.de\/index.php?rest_route=%2Fwp%2Fv2%2Fcomments&post=27"}],"version-history":[{"count":3,"href":"https:\/\/new.crspit.de\/index.php?rest_route=\/wp\/v2\/pages\/27\/revisions"}],"predecessor-version":[{"id":58,"href":"https:\/\/new.crspit.de\/index.php?rest_route=\/wp\/v2\/pages\/27\/revisions\/58"}],"wp:attachment":[{"href":"https:\/\/new.crspit.de\/index.php?rest_route=%2Fwp%2Fv2%2Fmedia&parent=27"}],"curies":[{"name":"wp","href":"https:\/\/api.w.org\/{rel}","templated":true}]}}