{"id":24,"date":"2025-08-26T19:56:26","date_gmt":"2025-08-26T17:56:26","guid":{"rendered":"https:\/\/new.crspit.de\/?page_id=24"},"modified":"2025-08-31T14:59:33","modified_gmt":"2025-08-31T12:59:33","slug":"netzwerk-infrastruktur","status":"publish","type":"page","link":"https:\/\/new.crspit.de\/?page_id=24","title":{"rendered":"Netzwerk &amp; Infrastruktur"},"content":{"rendered":"<p>&nbsp;<\/p>\n<style>\n        * {<br \/>\n            margin: 0;<br \/>\n            padding: 0;<br \/>\n            box-sizing: border-box;<br \/>\n        }<\/p>\n<p>        body {<br \/>\n            font-family: -apple-system, BlinkMacSystemFont, 'Segoe UI', Roboto, sans-serif;<br \/>\n            line-height: 1.6;<br \/>\n            color: #333;<br \/>\n        }<\/p>\n<p>        .hero-section {<br \/>\n            background: linear-gradient(135deg, rgba(0,0,0,0.7), rgba(0,0,0,0.5)),<br \/>\n                        linear-gradient(45deg, #1e3a8a, #3b82f6);<br \/>\n            color: white;<br \/>\n            text-align: center;<br \/>\n            padding: 100px 20px;<br \/>\n            min-height: 400px;<br \/>\n            display: flex;<br \/>\n            align-items: center;<br \/>\n            justify-content: center;<br \/>\n        }<\/p>\n<p>        .hero-content h1 {<br \/>\n            font-size: 3rem;<br \/>\n            font-weight: bold;<br \/>\n            margin-bottom: 1rem;<br \/>\n        }<\/p>\n<p>        .hero-content p {<br \/>\n            font-size: 1.25rem;<br \/>\n            opacity: 0.9;<br \/>\n        }<\/p>\n<p>        .spacer {<br \/>\n            height: 60px;<br \/>\n        }<\/p>\n<p>        .container {<br \/>\n            max-width: 1200px;<br \/>\n            margin: 0 auto;<br \/>\n            padding: 0 20px;<br \/>\n        }<\/p>\n<p>        .section-title {<br \/>\n            text-align: center;<br \/>\n            font-size: 2rem;<br \/>\n            margin-bottom: 3rem;<br \/>\n            color: #1f2937;<br \/>\n        }<\/p>\n<p>        .services-grid {<br \/>\n            display: grid;<br \/>\n            grid-template-columns: repeat(auto-fit, minmax(300px, 1fr));<br \/>\n            gap: 2rem;<br \/>\n            margin-bottom: 4rem;<br \/>\n        }<\/p>\n<p>        .service-card {<br \/>\n            background: #f8fafc;<br \/>\n            border-radius: 12px;<br \/>\n            padding: 30px 25px;<br \/>\n            text-align: center;<br \/>\n            box-shadow: 0 4px 6px rgba(0, 0, 0, 0.05);<br \/>\n            transition: transform 0.2s ease, box-shadow 0.2s ease;<br \/>\n        }<\/p>\n<p>        .service-card:hover {<br \/>\n            transform: translateY(-2px);<br \/>\n            box-shadow: 0 8px 25px rgba(0, 0, 0, 0.1);<br \/>\n        }<\/p>\n<p>        .service-icon {<br \/>\n            font-size: 3rem;<br \/>\n            margin-bottom: 1rem;<br \/>\n            display: block;<br \/>\n        }<\/p>\n<p>        .service-card h3 {<br \/>\n            font-size: 1.5rem;<br \/>\n            margin-bottom: 1rem;<br \/>\n            color: #1f2937;<br \/>\n        }<\/p>\n<p>        .service-card p {<br \/>\n            color: #6b7280;<br \/>\n            line-height: 1.6;<br \/>\n        }<\/p>\n<p>        .cta-section {<br \/>\n            background: #1f2937;<br \/>\n            color: white;<br \/>\n            text-align: center;<br \/>\n            padding: 80px 20px;<br \/>\n        }<\/p>\n<p>        .cta-section h2 {<br \/>\n            font-size: 2rem;<br \/>\n            margin-bottom: 2rem;<br \/>\n        }<\/p>\n<p>        .cta-button {<br \/>\n            display: inline-block;<br \/>\n            background: #10b981;<br \/>\n            color: white;<br \/>\n            padding: 15px 30px;<br \/>\n            text-decoration: none;<br \/>\n            border-radius: 8px;<br \/>\n            font-weight: 600;<br \/>\n            transition: background 0.2s ease, transform 0.2s ease;<br \/>\n        }<\/p>\n<p>        .cta-button:hover {<br \/>\n            background: #059669;<br \/>\n            transform: translateY(-1px);<br \/>\n        }<\/p>\n<p>        @media (max-width: 768px) {<br \/>\n            .hero-content h1 {<br \/>\n                font-size: 2rem;<br \/>\n            }<\/p>\n<p>            .hero-content p {<br \/>\n                font-size: 1rem;<br \/>\n            }<\/p>\n<p>            .section-title {<br \/>\n                font-size: 1.5rem;<br \/>\n            }<\/p>\n<p>            .services-grid {<br \/>\n                grid-template-columns: 1fr;<br \/>\n                gap: 1.5rem;<br \/>\n            }<br \/>\n        }<br \/>\n    <\/style>\n<section class=\"hero-section\">\n<div class=\"hero-content\">\n<p>Solide IT-Grundlagen f\u00fcr Ihr Unternehmen<\/p>\n<\/div>\n<\/section>\n<div class=\"spacer\"><\/div>\n<p><!-- Services Section --><\/p>\n<section class=\"container\">\n<h3 class=\"section-title\">Was wir f\u00fcr Sie tun<\/h3>\n<div class=\"services-grid\">\n<h5 class=\"service-card\"><span style=\"font-family: Cardo; font-size: 26.4585px;\">Netzwerkplanung<\/span><\/h5>\n<p>Umfassende Planung und Dimensionierung Ihrer Netzwerkinfrastruktur.<\/p>\n<h5 class=\"service-card\"><span style=\"font-family: Cardo; font-size: 26.4585px;\">Server-Administration<\/span><\/h5>\n<p>Professionelle Einrichtung und Verwaltung Ihrer Serverinfrastruktur.<\/p>\n<h5 class=\"service-card\"><span style=\"font-family: Cardo; font-size: 26.4585px;\">Storage-L\u00f6sungen<\/span><\/h5>\n<p>Skalierbare Datenspeicher-Systeme mit Backup-L\u00f6sungen.<\/p>\n<\/div>\n<\/section>\n<p><!-- Call to Action Section --><\/p>\n<section class=\"cta-section\">\n<div class=\"container\">\n<h3>Bereit f\u00fcr zukunftssichere IT-Infrastruktur?<\/h3>\n<p><a class=\"cta-button\" href=\"mailto:support@crspit.de\">Kostenlose Beratung<\/a><\/p>\n<\/div>\n<\/section>\n<p>&nbsp;<\/p>\n","protected":false},"excerpt":{"rendered":"<p>&nbsp; Solide IT-Grundlagen f\u00fcr Ihr Unternehmen Was wir f\u00fcr Sie tun Netzwerkplanung Umfassende Planung und Dimensionierung Ihrer Netzwerkinfrastruktur. Server-Administration Professionelle Einrichtung und Verwaltung Ihrer Serverinfrastruktur. Storage-L\u00f6sungen Skalierbare Datenspeicher-Systeme mit Backup-L\u00f6sungen. Bereit f\u00fcr zukunftssichere IT-Infrastruktur? Kostenlose Beratung &nbsp;<\/p>\n","protected":false},"author":1,"featured_media":0,"parent":0,"menu_order":0,"comment_status":"closed","ping_status":"closed","template":"","meta":{"footnotes":""},"class_list":["post-24","page","type-page","status-publish","hentry"],"_links":{"self":[{"href":"https:\/\/new.crspit.de\/index.php?rest_route=\/wp\/v2\/pages\/24","targetHints":{"allow":["GET"]}}],"collection":[{"href":"https:\/\/new.crspit.de\/index.php?rest_route=\/wp\/v2\/pages"}],"about":[{"href":"https:\/\/new.crspit.de\/index.php?rest_route=\/wp\/v2\/types\/page"}],"author":[{"embeddable":true,"href":"https:\/\/new.crspit.de\/index.php?rest_route=\/wp\/v2\/users\/1"}],"replies":[{"embeddable":true,"href":"https:\/\/new.crspit.de\/index.php?rest_route=%2Fwp%2Fv2%2Fcomments&post=24"}],"version-history":[{"count":3,"href":"https:\/\/new.crspit.de\/index.php?rest_route=\/wp\/v2\/pages\/24\/revisions"}],"predecessor-version":[{"id":57,"href":"https:\/\/new.crspit.de\/index.php?rest_route=\/wp\/v2\/pages\/24\/revisions\/57"}],"wp:attachment":[{"href":"https:\/\/new.crspit.de\/index.php?rest_route=%2Fwp%2Fv2%2Fmedia&parent=24"}],"curies":[{"name":"wp","href":"https:\/\/api.w.org\/{rel}","templated":true}]}}